{"id":703,"date":"2024-11-10T19:31:55","date_gmt":"2024-11-10T19:31:55","guid":{"rendered":"https:\/\/clube-swim4fun.pt\/?page_id=703"},"modified":"2024-11-12T18:14:42","modified_gmt":"2024-11-12T18:14:42","slug":"club","status":"publish","type":"page","link":"https:\/\/clube-swim4fun.pt\/en\/about\/club\/","title":{"rendered":"Club"},"content":{"rendered":"<p>The Swim4fun Club is a new non-profit association, established in July 2024 and affiliated with the Portuguese Swimming Federation. Its primary goal is to develop and promote the practice of Open Water Swimming and encourage members to participate in competitions.<\/p>\n\n\n\n<h2 class=\"wp-block-heading\">Mission<\/h2>\n\n\n\n<p>To promote the practice of open water swimming and provide a welcoming community for swimmers.<\/p>\n\n\n\n<h2 class=\"wp-block-heading\">Our values<\/h2>\n\n\n\n<ul class=\"wp-block-list\">\n<li><strong>Respect for the Environment and People<\/strong>: We value harmony with nature and the well-being of our members. We promote environmental preservation and a respectful and inclusive environment, ensuring a positive and sustainable impact on the community and the environment.<\/li>\n\n\n\n<li><strong>Health and Well-being<\/strong>: We prioritize the physical and mental health of our members. By encouraging regular exercise and fostering a connection with nature, we promote a balanced and healthy lifestyle.<\/li>\n\n\n\n<li><strong>Excellence and Dedication<\/strong>: We encourage each swimmer to reach their full potential and continuously strive for improvement and excellence.<\/li>\n\n\n\n<li><strong>Esp\u00edrito de Equipa e Camaradagem\nTeam Spirit and Camaraderie<\/strong>: We value mutual support, collaboration, and strengthening relationships among swimmers, creating an environment where everyone feels valued and motivated to overcome challenges together.<\/li>\n<\/ul>\n\n\n<div class=\"wp-block-buttons is-content-justification-right is-layout-flex wp-container-core-buttons-is-layout-1 wp-block-buttons-is-layout-flex\">\r\n\t<div class=\"wp-block-button\"><a class=\"wp-block-button__link wp-element-button\" href=\"\/en\/register\/\">Become a member<\/a><\/div>\r\n<\/div>\n\n\n\n<div style=\"height:29px\" aria-hidden=\"true\" class=\"wp-block-spacer\"><\/div>","protected":false},"excerpt":{"rendered":"<p>O Clube Swim4fun \u00e9 uma nova Associa\u00e7\u00e3o sem fins lucrativos, constitu\u00edda em julho de 2024 e filiada na Federa\u00e7\u00e3o Portuguesa de Nata\u00e7\u00e3o, cujo objetivo principal \u00e9 desenvolver e promover a pr\u00e1tica da modalidade de Nata\u00e7\u00e3o em \u00c1guas Abertas e incentivar a participa\u00e7\u00e3o dos s\u00f3cios em competi\u00e7\u00f5es. Miss\u00e3o Promover a pr\u00e1tica da nata\u00e7\u00e3o em \u00e1guas abertas &hellip; <\/p>\n<p class=\"link-more\"><a href=\"https:\/\/clube-swim4fun.pt\/en\/about\/club\/\" class=\"more-link\">Read more<span class=\"screen-reader-text\"> &#8220;Clube&#8221;<\/span><\/a><\/p>","protected":false},"author":1,"featured_media":0,"parent":7,"menu_order":0,"comment_status":"closed","ping_status":"closed","template":"","meta":{"footnotes":""},"class_list":["post-703","page","type-page","status-publish","hentry"],"featured_image_src":null,"_links":{"self":[{"href":"https:\/\/clube-swim4fun.pt\/en\/wp-json\/wp\/v2\/pages\/703","targetHints":{"allow":["GET"]}}],"collection":[{"href":"https:\/\/clube-swim4fun.pt\/en\/wp-json\/wp\/v2\/pages"}],"about":[{"href":"https:\/\/clube-swim4fun.pt\/en\/wp-json\/wp\/v2\/types\/page"}],"author":[{"embeddable":true,"href":"https:\/\/clube-swim4fun.pt\/en\/wp-json\/wp\/v2\/users\/1"}],"replies":[{"embeddable":true,"href":"https:\/\/clube-swim4fun.pt\/en\/wp-json\/wp\/v2\/comments?post=703"}],"version-history":[{"count":0,"href":"https:\/\/clube-swim4fun.pt\/en\/wp-json\/wp\/v2\/pages\/703\/revisions"}],"up":[{"embeddable":true,"href":"https:\/\/clube-swim4fun.pt\/en\/wp-json\/wp\/v2\/pages\/7"}],"wp:attachment":[{"href":"https:\/\/clube-swim4fun.pt\/en\/wp-json\/wp\/v2\/media?parent=703"}],"curies":[{"name":"wp","href":"https:\/\/api.w.org\/{rel}","templated":true}]}}