{"id":570,"date":"2024-11-06T19:45:19","date_gmt":"2024-11-06T19:45:19","guid":{"rendered":"https:\/\/clube-swim4fun.pt\/?page_id=570"},"modified":"2026-01-16T23:12:28","modified_gmt":"2026-01-16T23:12:28","slug":"become-federated-member","status":"publish","type":"page","link":"https:\/\/clube-swim4fun.pt\/en\/become-federated-member\/","title":{"rendered":"Become a Federated Member"},"content":{"rendered":"<h3 class=\"wp-block-heading\">How to Become a Federated Member<\/h3>\n\n\n\n<p>After the member has completed the admission process, they can become Federated through the Club.<\/p>\n\n\n\n<ul class=\"wp-block-list\">\n<li>Fees\n<ul class=\"wp-block-list\">\n<li><strong>1 modalidade (NP ou AA): 11\u20ac<\/strong><\/li>\n\n\n\n<li><strong>2 modalidades (NP e AA): 13\u20ac<\/strong><\/li>\n<\/ul>\n<\/li>\n\n\n\n<li><\/li>\n\n\n\n<li>Benefits of being Federated with the FPN\n<ul class=\"wp-block-list\">\n<li>Participate in official events of the Portuguese Swimming Federation<\/li>\n\n\n\n<li>Participate in the National Masters Open Water Circuit<\/li>\n\n\n\n<li>Participate in pure swimming (pool) events in the Masters category<\/li>\n\n\n\n<li>Enjoy insurance during swimming practice<\/li>\n<\/ul>\n<\/li>\n<\/ul>\n\n\n\n<ol class=\"wp-block-list\">\n<li>Submit the <a href=\"https:\/\/ipdj.gov.pt\/documents\/20123\/159879\/FormularioExameMedicoDdesportivo122022.pdf\/c491e7a5-8e2b-4df2-1904-7605d94bd4d0?t=1672317210741\" target=\"_blank\" rel=\"noreferrer noopener\">Sports Medical Examination<\/a> signed by the doctor.<\/li>\n\n\n\n<li>Preencha e envie o A<a href=\"https:\/\/clube-swim4fun.pt\/wp-content\/uploads\/2025\/12\/ModeloFPN_ANEXO_2_MAIORES-2526-Editavel.pdf\">NEXO 2 &#8211; DECLARA\u00c7\u00c3O DE CONSENTIMENTO INFORMADO<\/a> da Federa\u00e7\u00e3o (pdf edit\u00e1vel) .<\/li>\n\n\n\n<li>Realize o pagamento.<\/li>\n<\/ol>\n\n\n\n<p class=\"popmake-1317\">J\u00e1 \u00e9 socio do Clube Swim4fun, fa\u00e7a o <strong>Login<\/strong> e submeta o seu pedido de federa\u00e7\u00e3o.<\/p>\n\n\n\n\n\n\n\n<div style=\"height:29px\" aria-hidden=\"true\" class=\"wp-block-spacer\"><\/div>\n\n\n\n<p><\/p>","protected":false},"excerpt":{"rendered":"<p>Como se Tornar S\u00f3cio Federado Ap\u00f3s o s\u00f3cio ter o processo de admiss\u00e3o conclu\u00eddo poder\u00e1 se Federar pelo Clube. J\u00e1 \u00e9 socio do Clube Swim4fun, fa\u00e7a o Login e submeta o seu pedido de federa\u00e7\u00e3o.<\/p>","protected":false},"author":1,"featured_media":0,"parent":0,"menu_order":0,"comment_status":"closed","ping_status":"closed","template":"","meta":{"footnotes":""},"class_list":["post-570","page","type-page","status-publish","hentry"],"featured_image_src":null,"_links":{"self":[{"href":"https:\/\/clube-swim4fun.pt\/en\/wp-json\/wp\/v2\/pages\/570","targetHints":{"allow":["GET"]}}],"collection":[{"href":"https:\/\/clube-swim4fun.pt\/en\/wp-json\/wp\/v2\/pages"}],"about":[{"href":"https:\/\/clube-swim4fun.pt\/en\/wp-json\/wp\/v2\/types\/page"}],"author":[{"embeddable":true,"href":"https:\/\/clube-swim4fun.pt\/en\/wp-json\/wp\/v2\/users\/1"}],"replies":[{"embeddable":true,"href":"https:\/\/clube-swim4fun.pt\/en\/wp-json\/wp\/v2\/comments?post=570"}],"version-history":[{"count":0,"href":"https:\/\/clube-swim4fun.pt\/en\/wp-json\/wp\/v2\/pages\/570\/revisions"}],"wp:attachment":[{"href":"https:\/\/clube-swim4fun.pt\/en\/wp-json\/wp\/v2\/media?parent=570"}],"curies":[{"name":"wp","href":"https:\/\/api.w.org\/{rel}","templated":true}]}}