{"id":3,"date":"2024-10-31T18:39:57","date_gmt":"2024-10-31T18:39:57","guid":{"rendered":"http:\/\/clube-swim4fun.pt\/?page_id=3"},"modified":"2024-11-12T18:15:49","modified_gmt":"2024-11-12T18:15:49","slug":"privacy-policy","status":"publish","type":"page","link":"https:\/\/clube-swim4fun.pt\/en\/privacy-policy\/","title":{"rendered":"Privacy Policy"},"content":{"rendered":"<h2 class=\"wp-block-heading\">Quem Somos<\/h2>\n\n\n\n<p>O endere\u00e7o do nosso site \u00e9: <a href=\"https:\/\/clube-swim4fun.pt\/en\/\" target=\"_blank\" rel=\"noreferrer noopener\">https:\/\/clube-swim4fun.pt<\/a><\/p>\n\n\n\n<h2 class=\"wp-block-heading\">Media<\/h2>\n\n\n\n<p>Se carregar imagens para o site, evite enviar imagens com dados de localiza\u00e7\u00e3o incorporados (EXIF GPS). Os visitantes do site podem descarregar e extrair quaisquer dados de localiza\u00e7\u00e3o das imagens no site.<\/p>\n\n\n\n<h2 class=\"wp-block-heading\">Cookies<\/h2>\n\n\n\n<p>Se visitar a nossa p\u00e1gina de login, definiremos um cookie tempor\u00e1rio para determinar se o seu navegador aceita cookies. Este cookie n\u00e3o cont\u00e9m dados pessoais e ser\u00e1 eliminado quando fechar o seu navegador.<\/p>\n\n\n\n<p>Quando fizer login, tamb\u00e9m configuraremos v\u00e1rios cookies para guardar a sua informa\u00e7\u00e3o de login e as suas prefer\u00eancias de exibi\u00e7\u00e3o no ecr\u00e3. Os cookies de login duram dois dias, e os cookies de op\u00e7\u00f5es de ecr\u00e3 duram um ano. Se selecionar &#8220;Remember Me&#8221;, o seu login persistir\u00e1 por duas semanas. Se fizer logout da sua conta, os cookies de login ser\u00e3o removidos.<\/p>\n\n\n\n<h2 class=\"wp-block-heading\">Com Quem Partilhamos os Seus Dados<\/h2>\n\n\n\n<p>Tratamos a informa\u00e7\u00e3o que nos faculta com a finalidade de organizar os grupos de aulas com o professor, enviar os dados para a companhia de seguros a fim de providenciar o Seguro de Acidentes e convid\u00e1-lo a eventos organizados pelo <a href=\"https:\/\/clube-swim4fun.pt\/en\/\" target=\"_blank\" rel=\"noreferrer noopener\">clube-swim4fun.pt<\/a>. Os dados fornecidos ser\u00e3o mantidos enquanto n\u00e3o solicitar a cessa\u00e7\u00e3o da atividade. Os dados n\u00e3o ser\u00e3o cedidos a terceiros, salvo em casos de obriga\u00e7\u00e3o legal. Tem direito a obter confirma\u00e7\u00e3o sobre se estamos a tratar os seus dados pessoais, tendo ainda direito a aceder aos seus dados pessoais, retificar os dados inexatos ou solicitar o seu apagamento quando os dados j\u00e1 n\u00e3o sejam necess\u00e1rios para os fins pelos quais foram recolhidos. As imagens feitas durante os treinos e eventos poder\u00e3o ser disponibilizadas nas redes sociais, a menos que o aluno se manifeste em contr\u00e1rio.<\/p>\n\n\n\n<p>Documento atualizado em 06\/04\/2024<\/p>\n\n\n\n<p>Para os utilizadores que se inscreverem em provas atrav\u00e9s do calend\u00e1rio de provas, iremos partilhar todos os dados pessoais recolhidos no seu perfil com a Federa\u00e7\u00e3o Portuguesa de Nata\u00e7\u00e3o para efeitos de inscri\u00e7\u00e3o.<\/p>\n\n\n\n<h2 class=\"wp-block-heading\">Quanto Tempo Mantemos os Seus Dados<\/h2>\n\n\n\n<p>Para os utilizadores que se registarem no nosso site (se aplic\u00e1vel), tamb\u00e9m armazenamos a informa\u00e7\u00e3o pessoal fornecida no seu perfil de utilizador. Todos os utilizadores podem ver, editar ou apagar a sua informa\u00e7\u00e3o pessoal a qualquer momento (exceto n\u00e3o poderem mudar o seu nome de utilizador). Os administradores do site tamb\u00e9m podem ver e editar essa informa\u00e7\u00e3o.<\/p>\n\n\n\n<div style=\"height:29px\" aria-hidden=\"true\" class=\"wp-block-spacer\"><\/div>","protected":false},"excerpt":{"rendered":"<p>Quem Somos O endere\u00e7o do nosso site \u00e9: https:\/\/clube-swim4fun.pt Media Se carregar imagens para o site, evite enviar imagens com dados de localiza\u00e7\u00e3o incorporados (EXIF GPS). Os visitantes do site podem descarregar e extrair quaisquer dados de localiza\u00e7\u00e3o das imagens no site. Cookies Se visitar a nossa p\u00e1gina de login, definiremos um cookie tempor\u00e1rio para &hellip; <\/p>\n<p class=\"link-more\"><a href=\"https:\/\/clube-swim4fun.pt\/en\/privacy-policy\/\" class=\"more-link\">Read more<span class=\"screen-reader-text\"> &#8220;Pol\u00edtica de Privacidade&#8221;<\/span><\/a><\/p>","protected":false},"author":1,"featured_media":0,"parent":0,"menu_order":0,"comment_status":"closed","ping_status":"open","template":"","meta":{"footnotes":""},"class_list":["post-3","page","type-page","status-publish","hentry"],"featured_image_src":null,"_links":{"self":[{"href":"https:\/\/clube-swim4fun.pt\/en\/wp-json\/wp\/v2\/pages\/3","targetHints":{"allow":["GET"]}}],"collection":[{"href":"https:\/\/clube-swim4fun.pt\/en\/wp-json\/wp\/v2\/pages"}],"about":[{"href":"https:\/\/clube-swim4fun.pt\/en\/wp-json\/wp\/v2\/types\/page"}],"author":[{"embeddable":true,"href":"https:\/\/clube-swim4fun.pt\/en\/wp-json\/wp\/v2\/users\/1"}],"replies":[{"embeddable":true,"href":"https:\/\/clube-swim4fun.pt\/en\/wp-json\/wp\/v2\/comments?post=3"}],"version-history":[{"count":0,"href":"https:\/\/clube-swim4fun.pt\/en\/wp-json\/wp\/v2\/pages\/3\/revisions"}],"wp:attachment":[{"href":"https:\/\/clube-swim4fun.pt\/en\/wp-json\/wp\/v2\/media?parent=3"}],"curies":[{"name":"wp","href":"https:\/\/api.w.org\/{rel}","templated":true}]}}