{"id":2774,"date":"2026-04-06T20:11:49","date_gmt":"2026-04-06T20:11:49","guid":{"rendered":"https:\/\/clube-swim4fun.pt\/?page_id=2774"},"modified":"2026-04-07T03:11:09","modified_gmt":"2026-04-07T03:11:09","slug":"patrocinadores","status":"publish","type":"page","link":"https:\/\/clube-swim4fun.pt\/en\/pagina-inicial\/patrocinadores\/","title":{"rendered":"Patrocinadores"},"content":{"rendered":"<h4 class=\"wp-block-heading has-text-align-left\">Com orgulho apresentamos os nossos parceiros: marcas que incentivam a pr\u00e1tica da nata\u00e7\u00e3o em \u00e1guas abertas e fortalecem o Clube Swim4fun.<\/h4>\n\n\n\n<div class=\"wp-block-columns are-vertically-aligned-center is-layout-flex wp-container-core-columns-is-layout-28f84493 wp-block-columns-is-layout-flex\">\n<div class=\"wp-block-column is-vertically-aligned-center is-layout-flow wp-block-column-is-layout-flow\">\n<figure class=\"wp-block-image size-large\"><a href=\"https:\/\/imparclinic.com\/?utm_source=swim4fun\"><img loading=\"lazy\" decoding=\"async\" width=\"1024\" height=\"686\" src=\"https:\/\/clube-swim4fun.pt\/wp-content\/uploads\/2026\/04\/impar-border-1-1024x686.png\" alt=\"\" class=\"wp-image-2838\" style=\"aspect-ratio:1.4927336881765445\" srcset=\"https:\/\/clube-swim4fun.pt\/wp-content\/uploads\/2026\/04\/impar-border-1-1024x686.png 1024w, https:\/\/clube-swim4fun.pt\/wp-content\/uploads\/2026\/04\/impar-border-1-300x201.png 300w, https:\/\/clube-swim4fun.pt\/wp-content\/uploads\/2026\/04\/impar-border-1-18x12.png 18w, https:\/\/clube-swim4fun.pt\/wp-content\/uploads\/2026\/04\/impar-border-1.png 1289w\" sizes=\"auto, (max-width: 1024px) 100vw, 1024px\" \/><\/a><\/figure>\n<\/div>\n\n\n\n<div class=\"wp-block-column is-vertically-aligned-center is-layout-flow wp-block-column-is-layout-flow\">\n<figure class=\"wp-block-image size-large\"><a href=\"https:\/\/www.smartfloow.pt\/?utm_source=swim4fun\"><img loading=\"lazy\" decoding=\"async\" width=\"1024\" height=\"686\" src=\"https:\/\/clube-swim4fun.pt\/wp-content\/uploads\/2026\/04\/smartfloow-border-1024x686.png\" alt=\"\" class=\"wp-image-2805\" srcset=\"https:\/\/clube-swim4fun.pt\/wp-content\/uploads\/2026\/04\/smartfloow-border-1024x686.png 1024w, https:\/\/clube-swim4fun.pt\/wp-content\/uploads\/2026\/04\/smartfloow-border-300x201.png 300w, https:\/\/clube-swim4fun.pt\/wp-content\/uploads\/2026\/04\/smartfloow-border-18x12.png 18w, https:\/\/clube-swim4fun.pt\/wp-content\/uploads\/2026\/04\/smartfloow-border.png 1289w\" sizes=\"auto, (max-width: 1024px) 100vw, 1024px\" \/><\/a><\/figure>\n<\/div>\n<\/div>\n\n\n\n<div class=\"wp-block-columns are-vertically-aligned-top is-layout-flex wp-container-core-columns-is-layout-28f84493 wp-block-columns-is-layout-flex\">\n<div class=\"wp-block-column is-vertically-aligned-top is-layout-flow wp-block-column-is-layout-flow\">\n<figure class=\"wp-block-image size-large\"><a href=\"https:\/\/www.yourpropad.com\/?utm_source=swim4fun\"><img loading=\"lazy\" decoding=\"async\" width=\"1024\" height=\"686\" src=\"https:\/\/clube-swim4fun.pt\/wp-content\/uploads\/2026\/04\/your-property-advisor-border-1024x686.png\" alt=\"\" class=\"wp-image-2806\" style=\"aspect-ratio:1.4927261227071473\" srcset=\"https:\/\/clube-swim4fun.pt\/wp-content\/uploads\/2026\/04\/your-property-advisor-border-1024x686.png 1024w, https:\/\/clube-swim4fun.pt\/wp-content\/uploads\/2026\/04\/your-property-advisor-border-300x201.png 300w, https:\/\/clube-swim4fun.pt\/wp-content\/uploads\/2026\/04\/your-property-advisor-border-18x12.png 18w, https:\/\/clube-swim4fun.pt\/wp-content\/uploads\/2026\/04\/your-property-advisor-border.png 1289w\" sizes=\"auto, (max-width: 1024px) 100vw, 1024px\" \/><\/a><\/figure>\n<\/div>\n\n\n\n<div class=\"wp-block-column is-vertically-aligned-top is-layout-flow wp-block-column-is-layout-flow\">\n<figure class=\"wp-block-image size-large\"><a href=\"https:\/\/www.palocar.pt\/?utm_source=swim4fun\"><img loading=\"lazy\" decoding=\"async\" width=\"1024\" height=\"686\" src=\"https:\/\/clube-swim4fun.pt\/wp-content\/uploads\/2026\/04\/palocar-border-1024x686.png\" alt=\"\" class=\"wp-image-2804\" style=\"aspect-ratio:1.4927655456085167\" srcset=\"https:\/\/clube-swim4fun.pt\/wp-content\/uploads\/2026\/04\/palocar-border-1024x686.png 1024w, https:\/\/clube-swim4fun.pt\/wp-content\/uploads\/2026\/04\/palocar-border-300x201.png 300w, https:\/\/clube-swim4fun.pt\/wp-content\/uploads\/2026\/04\/palocar-border-18x12.png 18w, https:\/\/clube-swim4fun.pt\/wp-content\/uploads\/2026\/04\/palocar-border.png 1289w\" sizes=\"auto, (max-width: 1024px) 100vw, 1024px\" \/><\/a><\/figure>\n<\/div>\n<\/div>\n\n\n\n<p><\/p>","protected":false},"excerpt":{"rendered":"<p>Com orgulho apresentamos os nossos parceiros: marcas que incentivam a pr\u00e1tica da nata\u00e7\u00e3o em \u00e1guas abertas e fortalecem o Clube Swim4fun.<\/p>","protected":false},"author":1,"featured_media":0,"parent":6,"menu_order":0,"comment_status":"closed","ping_status":"closed","template":"","meta":{"footnotes":""},"class_list":["post-2774","page","type-page","status-publish","hentry"],"featured_image_src":null,"_links":{"self":[{"href":"https:\/\/clube-swim4fun.pt\/en\/wp-json\/wp\/v2\/pages\/2774","targetHints":{"allow":["GET"]}}],"collection":[{"href":"https:\/\/clube-swim4fun.pt\/en\/wp-json\/wp\/v2\/pages"}],"about":[{"href":"https:\/\/clube-swim4fun.pt\/en\/wp-json\/wp\/v2\/types\/page"}],"author":[{"embeddable":true,"href":"https:\/\/clube-swim4fun.pt\/en\/wp-json\/wp\/v2\/users\/1"}],"replies":[{"embeddable":true,"href":"https:\/\/clube-swim4fun.pt\/en\/wp-json\/wp\/v2\/comments?post=2774"}],"version-history":[{"count":42,"href":"https:\/\/clube-swim4fun.pt\/en\/wp-json\/wp\/v2\/pages\/2774\/revisions"}],"predecessor-version":[{"id":2865,"href":"https:\/\/clube-swim4fun.pt\/en\/wp-json\/wp\/v2\/pages\/2774\/revisions\/2865"}],"up":[{"embeddable":true,"href":"https:\/\/clube-swim4fun.pt\/en\/wp-json\/wp\/v2\/pages\/6"}],"wp:attachment":[{"href":"https:\/\/clube-swim4fun.pt\/en\/wp-json\/wp\/v2\/media?parent=2774"}],"curies":[{"name":"wp","href":"https:\/\/api.w.org\/{rel}","templated":true}]}}